{"id":118,"date":"2024-09-25T14:20:15","date_gmt":"2024-09-25T12:20:15","guid":{"rendered":"https:\/\/conchisamper.es\/?page_id=118"},"modified":"2024-10-08T17:01:40","modified_gmt":"2024-10-08T15:01:40","slug":"meet-me","status":"publish","type":"page","link":"https:\/\/conchisamper.es\/en\/meet-me\/","title":{"rendered":"Get to know me"},"content":{"rendered":"<div data-elementor-type=\"wp-page\" data-elementor-id=\"118\" class=\"elementor elementor-118\" data-elementor-post-type=\"page\">\n\t\t\t\t<div class=\"elementor-element elementor-element-14f063f e-flex e-con-boxed e-con e-parent\" data-id=\"14f063f\" data-element_type=\"container\" data-e-type=\"container\" data-settings=\"{&quot;background_background&quot;:&quot;classic&quot;}\">\n\t\t\t\t\t<div class=\"e-con-inner\">\n\t\t<div class=\"elementor-element elementor-element-2a8bb4d e-con-full e-flex e-con e-child\" data-id=\"2a8bb4d\" data-element_type=\"container\" data-e-type=\"container\">\n\t\t\t\t<\/div>\n\t\t\t\t\t<\/div>\n\t\t\t\t<\/div>\n\t\t<div class=\"elementor-element elementor-element-5fbc01a e-flex e-con-boxed e-con e-parent\" data-id=\"5fbc01a\" data-element_type=\"container\" data-e-type=\"container\" data-settings=\"{&quot;background_background&quot;:&quot;classic&quot;}\">\n\t\t\t\t\t<div class=\"e-con-inner\">\n\t\t<div class=\"elementor-element elementor-element-540c4e5 e-con-full e-flex e-con e-child\" data-id=\"540c4e5\" data-element_type=\"container\" data-e-type=\"container\">\n\t\t\t\t<div class=\"elementor-element elementor-element-d0d5cfb elementor-invisible elementor-widget elementor-widget-heading\" data-id=\"d0d5cfb\" data-element_type=\"widget\" data-e-type=\"widget\" data-settings=\"{&quot;_animation&quot;:&quot;fadeInUp&quot;}\" data-widget_type=\"heading.default\">\n\t\t\t\t<div class=\"elementor-widget-container\">\n\t\t\t\t\t<h2 class=\"elementor-heading-title elementor-size-default\">About me<\/h2>\t\t\t\t<\/div>\n\t\t\t\t<\/div>\n\t\t\t\t<div class=\"elementor-element elementor-element-e70df6c elementor-invisible elementor-widget elementor-widget-text-editor\" data-id=\"e70df6c\" data-element_type=\"widget\" data-e-type=\"widget\" data-settings=\"{&quot;_animation&quot;:&quot;fadeInUp&quot;}\" data-widget_type=\"text-editor.default\">\n\t\t\t\t<div class=\"elementor-widget-container\">\n\t\t\t\t\t\t\t\t\t<p>Always one step ahead! At least that's what my clients say about me.<\/p><p>Hi, I'm Conchi Samper. I'm a digital marketing expert and consultant specialising in social media. I have been working in the world of digital marketing for 10 years and 8 years with my personal brand and my marketing agency. <br \/><br \/>My job is to help you achieve greater visibility on social networks and the internet and to achieve a professional and attractive brand image that your potential clients will love, achieving<br \/>increase visits so that you can achieve your goals.<\/p><p>In addition to these services, I am a UGC content creator and I create original videos and photos to conquer the digital world's algorithm. By working with you, I put my knowledge at your service.<\/p>\t\t\t\t\t\t\t\t<\/div>\n\t\t\t\t<\/div>\n\t\t\t\t<div class=\"elementor-element elementor-element-e03645a elementor-invisible elementor-widget elementor-widget-button\" data-id=\"e03645a\" data-element_type=\"widget\" data-e-type=\"widget\" data-settings=\"{&quot;_animation&quot;:&quot;fadeInUp&quot;}\" data-widget_type=\"button.default\">\n\t\t\t\t<div class=\"elementor-widget-container\">\n\t\t\t\t\t\t\t\t\t<div class=\"elementor-button-wrapper\">\n\t\t\t\t\t<a class=\"elementor-button elementor-button-link elementor-size-sm\" href=\"\/en\/contact\/\">\n\t\t\t\t\t\t<span class=\"elementor-button-content-wrapper\">\n\t\t\t\t\t\t\t\t\t<span class=\"elementor-button-text\">Contact<\/span>\n\t\t\t\t\t<\/span>\n\t\t\t\t\t<\/a>\n\t\t\t\t<\/div>\n\t\t\t\t\t\t\t\t<\/div>\n\t\t\t\t<\/div>\n\t\t\t\t<\/div>\n\t\t<div class=\"elementor-element elementor-element-b0e5d96 e-con-full e-flex e-con e-child\" data-id=\"b0e5d96\" data-element_type=\"container\" data-e-type=\"container\" data-settings=\"{&quot;background_background&quot;:&quot;classic&quot;}\">\n\t\t\t\t<\/div>\n\t\t\t\t\t<\/div>\n\t\t\t\t<\/div>\n\t\t<div class=\"elementor-element elementor-element-604519d e-flex e-con-boxed e-con e-parent\" data-id=\"604519d\" data-element_type=\"container\" data-e-type=\"container\" data-settings=\"{&quot;background_background&quot;:&quot;classic&quot;}\">\n\t\t\t\t\t<div class=\"e-con-inner\">\n\t\t<div class=\"elementor-element elementor-element-8619ef5 e-con-full e-flex e-con e-child\" data-id=\"8619ef5\" data-element_type=\"container\" data-e-type=\"container\">\n\t\t\t\t<div class=\"elementor-element elementor-element-4372374 elementor-invisible elementor-widget elementor-widget-heading\" data-id=\"4372374\" data-element_type=\"widget\" data-e-type=\"widget\" data-settings=\"{&quot;_animation&quot;:&quot;fadeInUp&quot;}\" data-widget_type=\"heading.default\">\n\t\t\t\t<div class=\"elementor-widget-container\">\n\t\t\t\t\t<h2 class=\"elementor-heading-title elementor-size-default\">Training<\/h2>\t\t\t\t<\/div>\n\t\t\t\t<\/div>\n\t\t\t\t<div class=\"elementor-element elementor-element-38ddd1f elementor-invisible elementor-widget elementor-widget-text-editor\" data-id=\"38ddd1f\" data-element_type=\"widget\" data-e-type=\"widget\" data-settings=\"{&quot;_animation&quot;:&quot;fadeInUp&quot;}\" data-widget_type=\"text-editor.default\">\n\t\t\t\t<div class=\"elementor-widget-container\">\n\t\t\t\t\t\t\t\t\t<p>A little about my training: Degree in Psychology, Expert in Clinical Psychology, Expert in Labour Law, Master in HR Management, Advanced Technician in PRL, Advanced Personal Shopper Course, Course in Fashion Design, Expert in Marketing... and in continuous training.<\/p><p>In mid-2015 I began my training as a Personal Shopper and Fashion Designer to lay a foundation that would allow me to develop professionally and develop more successfully in this wonderful world that can sometimes seem chaotic.<\/p><p>I have been the General Manager of Verdecala Magazine and in June 2017 I was proud to be awarded the Gold Medal by the Spanish Association of Image Professionals. After completing an Expert in Marketing and Advertising, I created my own business in March 2019.<\/p><p>Today I am dedicated to elevating brands and businesses to another level, making them more visible and consequently more popular and with more customers.<\/p>\t\t\t\t\t\t\t\t<\/div>\n\t\t\t\t<\/div>\n\t\t\t\t<div class=\"elementor-element elementor-element-0aa762e elementor-invisible elementor-widget elementor-widget-button\" data-id=\"0aa762e\" data-element_type=\"widget\" data-e-type=\"widget\" data-settings=\"{&quot;_animation&quot;:&quot;fadeInUp&quot;}\" data-widget_type=\"button.default\">\n\t\t\t\t<div class=\"elementor-widget-container\">\n\t\t\t\t\t\t\t\t\t<div class=\"elementor-button-wrapper\">\n\t\t\t\t\t<a class=\"elementor-button elementor-button-link elementor-size-sm\" href=\"\/en\/contact\/\">\n\t\t\t\t\t\t<span class=\"elementor-button-content-wrapper\">\n\t\t\t\t\t\t\t\t\t<span class=\"elementor-button-text\">Contact me<\/span>\n\t\t\t\t\t<\/span>\n\t\t\t\t\t<\/a>\n\t\t\t\t<\/div>\n\t\t\t\t\t\t\t\t<\/div>\n\t\t\t\t<\/div>\n\t\t\t\t<\/div>\n\t\t<div class=\"elementor-element elementor-element-bd469d1 e-con-full e-flex e-con e-child\" data-id=\"bd469d1\" data-element_type=\"container\" data-e-type=\"container\" data-settings=\"{&quot;background_background&quot;:&quot;classic&quot;}\">\n\t\t\t\t<div class=\"elementor-element elementor-element-c902ad7 elementor-widget elementor-widget-image\" data-id=\"c902ad7\" data-element_type=\"widget\" data-e-type=\"widget\" data-widget_type=\"image.default\">\n\t\t\t\t<div class=\"elementor-widget-container\">\n\t\t\t\t\t\t\t\t\t\t\t\t\t\t\t<img fetchpriority=\"high\" decoding=\"async\" width=\"800\" height=\"900\" src=\"https:\/\/conchisamper.es\/wp-content\/uploads\/2024\/10\/7-Photoroom-910x1024.png\" class=\"attachment-large size-large wp-image-609\" alt=\"\" srcset=\"https:\/\/conchisamper.es\/wp-content\/uploads\/2024\/10\/7-Photoroom-910x1024.png 910w, https:\/\/conchisamper.es\/wp-content\/uploads\/2024\/10\/7-Photoroom-267x300.png 267w, https:\/\/conchisamper.es\/wp-content\/uploads\/2024\/10\/7-Photoroom-768x864.png 768w, https:\/\/conchisamper.es\/wp-content\/uploads\/2024\/10\/7-Photoroom.png 1024w\" sizes=\"(max-width: 800px) 100vw, 800px\" \/>\t\t\t\t\t\t\t\t\t\t\t\t\t\t\t<\/div>\n\t\t\t\t<\/div>\n\t\t\t\t<\/div>\n\t\t\t\t\t<\/div>\n\t\t\t\t<\/div>\n\t\t<div class=\"elementor-element elementor-element-09f3e34 e-flex e-con-boxed e-con e-parent\" data-id=\"09f3e34\" data-element_type=\"container\" data-e-type=\"container\" data-settings=\"{&quot;background_background&quot;:&quot;classic&quot;}\">\n\t\t\t\t\t<div class=\"e-con-inner\">\n\t\t\t\t<div class=\"elementor-element elementor-element-1a8f7a5 elementor-invisible elementor-widget elementor-widget-heading\" data-id=\"1a8f7a5\" data-element_type=\"widget\" data-e-type=\"widget\" data-settings=\"{&quot;_animation&quot;:&quot;fadeInUp&quot;}\" data-widget_type=\"heading.default\">\n\t\t\t\t<div class=\"elementor-widget-container\">\n\t\t\t\t\t<h2 class=\"elementor-heading-title elementor-size-default\">Media appearances<\/h2>\t\t\t\t<\/div>\n\t\t\t\t<\/div>\n\t\t<div class=\"elementor-element elementor-element-02f9050 e-con-full e-grid e-con e-child\" data-id=\"02f9050\" data-element_type=\"container\" data-e-type=\"container\">\n\t\t\t\t<div class=\"elementor-element elementor-element-b860bcb elementor-invisible elementor-widget elementor-widget-image\" data-id=\"b860bcb\" data-element_type=\"widget\" data-e-type=\"widget\" data-settings=\"{&quot;_animation&quot;:&quot;fadeInUp&quot;}\" data-widget_type=\"image.default\">\n\t\t\t\t<div class=\"elementor-widget-container\">\n\t\t\t\t\t\t\t\t\t\t\t\t\t\t\t\t<a href=\"https:\/\/conchisamper.es\/wp-content\/uploads\/2024\/09\/i.png\" data-elementor-open-lightbox=\"yes\" data-e-action-hash=\"#elementor-action%3Aaction%3Dlightbox%26settings%3DeyJpZCI6MjQyLCJ1cmwiOiJodHRwczpcL1wvY29uY2hpc2FtcGVyLmVzXC93cC1jb250ZW50XC91cGxvYWRzXC8yMDI0XC8wOVwvaS5wbmcifQ%3D%3D\">\n\t\t\t\t\t\t\t<img decoding=\"async\" width=\"683\" height=\"1024\" src=\"https:\/\/conchisamper.es\/wp-content\/uploads\/2024\/09\/i-683x1024.png\" class=\"attachment-large size-large wp-image-242\" alt=\"\" srcset=\"https:\/\/conchisamper.es\/wp-content\/uploads\/2024\/09\/i-683x1024.png 683w, https:\/\/conchisamper.es\/wp-content\/uploads\/2024\/09\/i-200x300.png 200w, https:\/\/conchisamper.es\/wp-content\/uploads\/2024\/09\/i-768x1152.png 768w, https:\/\/conchisamper.es\/wp-content\/uploads\/2024\/09\/i-1024x1536.png 1024w, https:\/\/conchisamper.es\/wp-content\/uploads\/2024\/09\/i-1365x2048.png 1365w\" sizes=\"(max-width: 683px) 100vw, 683px\" \/>\t\t\t\t\t\t\t\t<\/a>\n\t\t\t\t\t\t\t\t\t\t\t\t\t\t\t<\/div>\n\t\t\t\t<\/div>\n\t\t\t\t<div class=\"elementor-element elementor-element-229faa7 elementor-invisible elementor-widget elementor-widget-image\" data-id=\"229faa7\" data-element_type=\"widget\" data-e-type=\"widget\" data-settings=\"{&quot;_animation&quot;:&quot;fadeInUp&quot;}\" data-widget_type=\"image.default\">\n\t\t\t\t<div class=\"elementor-widget-container\">\n\t\t\t\t\t\t\t\t\t\t\t\t\t\t\t\t<a href=\"https:\/\/conchisamper.es\/wp-content\/uploads\/2024\/09\/h.png\" data-elementor-open-lightbox=\"yes\" data-e-action-hash=\"#elementor-action%3Aaction%3Dlightbox%26settings%3DeyJpZCI6MjQxLCJ1cmwiOiJodHRwczpcL1wvY29uY2hpc2FtcGVyLmVzXC93cC1jb250ZW50XC91cGxvYWRzXC8yMDI0XC8wOVwvaC5wbmcifQ%3D%3D\">\n\t\t\t\t\t\t\t<img decoding=\"async\" width=\"683\" height=\"1024\" src=\"https:\/\/conchisamper.es\/wp-content\/uploads\/2024\/09\/h-683x1024.png\" class=\"attachment-large size-large wp-image-241\" alt=\"\" srcset=\"https:\/\/conchisamper.es\/wp-content\/uploads\/2024\/09\/h-683x1024.png 683w, https:\/\/conchisamper.es\/wp-content\/uploads\/2024\/09\/h-200x300.png 200w, https:\/\/conchisamper.es\/wp-content\/uploads\/2024\/09\/h-768x1152.png 768w, https:\/\/conchisamper.es\/wp-content\/uploads\/2024\/09\/h-1024x1536.png 1024w, https:\/\/conchisamper.es\/wp-content\/uploads\/2024\/09\/h-1365x2048.png 1365w\" sizes=\"(max-width: 683px) 100vw, 683px\" \/>\t\t\t\t\t\t\t\t<\/a>\n\t\t\t\t\t\t\t\t\t\t\t\t\t\t\t<\/div>\n\t\t\t\t<\/div>\n\t\t\t\t<div class=\"elementor-element elementor-element-e3598dd elementor-invisible elementor-widget elementor-widget-image\" data-id=\"e3598dd\" data-element_type=\"widget\" data-e-type=\"widget\" data-settings=\"{&quot;_animation&quot;:&quot;fadeInUp&quot;}\" data-widget_type=\"image.default\">\n\t\t\t\t<div class=\"elementor-widget-container\">\n\t\t\t\t\t\t\t\t\t\t\t\t\t\t\t\t<a href=\"https:\/\/conchisamper.es\/wp-content\/uploads\/2024\/09\/k.png\" data-elementor-open-lightbox=\"yes\" data-e-action-hash=\"#elementor-action%3Aaction%3Dlightbox%26settings%3DeyJpZCI6MjQwLCJ1cmwiOiJodHRwczpcL1wvY29uY2hpc2FtcGVyLmVzXC93cC1jb250ZW50XC91cGxvYWRzXC8yMDI0XC8wOVwvay5wbmcifQ%3D%3D\">\n\t\t\t\t\t\t\t<img loading=\"lazy\" decoding=\"async\" width=\"683\" height=\"1024\" src=\"https:\/\/conchisamper.es\/wp-content\/uploads\/2024\/09\/k-683x1024.png\" class=\"attachment-large size-large wp-image-240\" alt=\"\" srcset=\"https:\/\/conchisamper.es\/wp-content\/uploads\/2024\/09\/k-683x1024.png 683w, https:\/\/conchisamper.es\/wp-content\/uploads\/2024\/09\/k-200x300.png 200w, https:\/\/conchisamper.es\/wp-content\/uploads\/2024\/09\/k-768x1152.png 768w, https:\/\/conchisamper.es\/wp-content\/uploads\/2024\/09\/k-1024x1536.png 1024w, https:\/\/conchisamper.es\/wp-content\/uploads\/2024\/09\/k-1365x2048.png 1365w\" sizes=\"(max-width: 683px) 100vw, 683px\" \/>\t\t\t\t\t\t\t\t<\/a>\n\t\t\t\t\t\t\t\t\t\t\t\t\t\t\t<\/div>\n\t\t\t\t<\/div>\n\t\t\t\t<div class=\"elementor-element elementor-element-38859d3 elementor-invisible elementor-widget elementor-widget-image\" data-id=\"38859d3\" data-element_type=\"widget\" data-e-type=\"widget\" data-settings=\"{&quot;_animation&quot;:&quot;fadeInUp&quot;}\" data-widget_type=\"image.default\">\n\t\t\t\t<div class=\"elementor-widget-container\">\n\t\t\t\t\t\t\t\t\t\t\t\t\t\t\t\t<a href=\"https:\/\/conchisamper.es\/wp-content\/uploads\/2024\/09\/j.png\" data-elementor-open-lightbox=\"yes\" data-e-action-hash=\"#elementor-action%3Aaction%3Dlightbox%26settings%3DeyJpZCI6MjM5LCJ1cmwiOiJodHRwczpcL1wvY29uY2hpc2FtcGVyLmVzXC93cC1jb250ZW50XC91cGxvYWRzXC8yMDI0XC8wOVwvai5wbmcifQ%3D%3D\">\n\t\t\t\t\t\t\t<img loading=\"lazy\" decoding=\"async\" width=\"683\" height=\"1024\" src=\"https:\/\/conchisamper.es\/wp-content\/uploads\/2024\/09\/j-683x1024.png\" class=\"attachment-large size-large wp-image-239\" alt=\"\" srcset=\"https:\/\/conchisamper.es\/wp-content\/uploads\/2024\/09\/j-683x1024.png 683w, https:\/\/conchisamper.es\/wp-content\/uploads\/2024\/09\/j-200x300.png 200w, https:\/\/conchisamper.es\/wp-content\/uploads\/2024\/09\/j-768x1152.png 768w, https:\/\/conchisamper.es\/wp-content\/uploads\/2024\/09\/j-1024x1536.png 1024w, https:\/\/conchisamper.es\/wp-content\/uploads\/2024\/09\/j-1365x2048.png 1365w\" sizes=\"(max-width: 683px) 100vw, 683px\" \/>\t\t\t\t\t\t\t\t<\/a>\n\t\t\t\t\t\t\t\t\t\t\t\t\t\t\t<\/div>\n\t\t\t\t<\/div>\n\t\t\t\t<\/div>\n\t\t\t\t\t<\/div>\n\t\t\t\t<\/div>\n\t\t<div class=\"elementor-element elementor-element-891c194 e-con-full e-flex e-con e-parent\" data-id=\"891c194\" data-element_type=\"container\" data-e-type=\"container\" data-settings=\"{&quot;background_background&quot;:&quot;classic&quot;}\">\n\t\t\t\t<div class=\"elementor-element elementor-element-1fb53ae elementor-invisible elementor-widget elementor-widget-heading\" data-id=\"1fb53ae\" data-element_type=\"widget\" data-e-type=\"widget\" data-settings=\"{&quot;_animation&quot;:&quot;fadeInUp&quot;}\" data-widget_type=\"heading.default\">\n\t\t\t\t<div class=\"elementor-widget-container\">\n\t\t\t\t\t<h2 class=\"elementor-heading-title elementor-size-default\">Are you ready to get started?<\/h2>\t\t\t\t<\/div>\n\t\t\t\t<\/div>\n\t\t\t\t<div class=\"elementor-element elementor-element-c47d90a elementor-align-center elementor-invisible elementor-widget elementor-widget-button\" data-id=\"c47d90a\" data-element_type=\"widget\" data-e-type=\"widget\" data-settings=\"{&quot;_animation&quot;:&quot;fadeInUp&quot;}\" data-widget_type=\"button.default\">\n\t\t\t\t<div class=\"elementor-widget-container\">\n\t\t\t\t\t\t\t\t\t<div class=\"elementor-button-wrapper\">\n\t\t\t\t\t<a class=\"elementor-button elementor-button-link elementor-size-sm\" href=\"https:\/\/conchisamper.es\/en\/contact\/\">\n\t\t\t\t\t\t<span class=\"elementor-button-content-wrapper\">\n\t\t\t\t\t\t\t\t\t<span class=\"elementor-button-text\">Contact<\/span>\n\t\t\t\t\t<\/span>\n\t\t\t\t\t<\/a>\n\t\t\t\t<\/div>\n\t\t\t\t\t\t\t\t<\/div>\n\t\t\t\t<\/div>\n\t\t\t\t<\/div>\n\t\t\t\t<\/div>","protected":false},"excerpt":{"rendered":"<p>Sobre mi \u00a1Siempre un paso por delante! Al menos eso es lo que dicen mis clientes de m\u00ed. Hola, soy Conchi Samper. Soy experta en marketing digital y consultora especializada en redes sociales. Llevo 10 a\u00f1os trabajando en el mundo del marketing digital y 8 a\u00f1os con mi marca personal y mi agencia de marketing. [&hellip;]<\/p>\n","protected":false},"author":2,"featured_media":0,"parent":0,"menu_order":0,"comment_status":"closed","ping_status":"closed","template":"","meta":{"_joinchat":[],"footnotes":""},"class_list":["post-118","page","type-page","status-publish","hentry"],"yoast_head":"<!-- This site is optimized with the Yoast SEO plugin v27.4 - https:\/\/yoast.com\/product\/yoast-seo-wordpress\/ -->\n<title>Con\u00f3ceme - Conchi Samper<\/title>\n<meta name=\"robots\" content=\"index, follow, max-snippet:-1, max-image-preview:large, max-video-preview:-1\" \/>\n<link rel=\"canonical\" href=\"https:\/\/conchisamper.es\/en\/meet-me\/\" \/>\n<meta property=\"og:locale\" content=\"en_GB\" \/>\n<meta property=\"og:type\" content=\"article\" \/>\n<meta property=\"og:title\" content=\"Con\u00f3ceme - Conchi Samper\" \/>\n<meta property=\"og:description\" content=\"Sobre mi \u00a1Siempre un paso por delante! Al menos eso es lo que dicen mis clientes de m\u00ed. Hola, soy Conchi Samper. Soy experta en marketing digital y consultora especializada en redes sociales. Llevo 10 a\u00f1os trabajando en el mundo del marketing digital y 8 a\u00f1os con mi marca personal y mi agencia de marketing. [&hellip;]\" \/>\n<meta property=\"og:url\" content=\"https:\/\/conchisamper.es\/en\/meet-me\/\" \/>\n<meta property=\"og:site_name\" content=\"Conchi Samper\" \/>\n<meta property=\"article:modified_time\" content=\"2024-10-08T15:01:40+00:00\" \/>\n<meta property=\"og:image\" content=\"https:\/\/conchisamper.es\/wp-content\/uploads\/2024\/10\/7-Photoroom-910x1024.png\" \/>\n<meta name=\"twitter:card\" content=\"summary_large_image\" \/>\n<script type=\"application\/ld+json\" class=\"yoast-schema-graph\">{\"@context\":\"https:\\\/\\\/schema.org\",\"@graph\":[{\"@type\":\"WebPage\",\"@id\":\"https:\\\/\\\/conchisamper.es\\\/conoceme\\\/\",\"url\":\"https:\\\/\\\/conchisamper.es\\\/conoceme\\\/\",\"name\":\"Con\u00f3ceme - Conchi Samper\",\"isPartOf\":{\"@id\":\"https:\\\/\\\/conchisamper.es\\\/#website\"},\"primaryImageOfPage\":{\"@id\":\"https:\\\/\\\/conchisamper.es\\\/conoceme\\\/#primaryimage\"},\"image\":{\"@id\":\"https:\\\/\\\/conchisamper.es\\\/conoceme\\\/#primaryimage\"},\"thumbnailUrl\":\"https:\\\/\\\/conchisamper.es\\\/wp-content\\\/uploads\\\/2024\\\/10\\\/7-Photoroom-910x1024.png\",\"datePublished\":\"2024-09-25T12:20:15+00:00\",\"dateModified\":\"2024-10-08T15:01:40+00:00\",\"breadcrumb\":{\"@id\":\"https:\\\/\\\/conchisamper.es\\\/conoceme\\\/#breadcrumb\"},\"inLanguage\":\"en-GB\",\"potentialAction\":[{\"@type\":\"ReadAction\",\"target\":[\"https:\\\/\\\/conchisamper.es\\\/conoceme\\\/\"]}]},{\"@type\":\"ImageObject\",\"inLanguage\":\"en-GB\",\"@id\":\"https:\\\/\\\/conchisamper.es\\\/conoceme\\\/#primaryimage\",\"url\":\"https:\\\/\\\/conchisamper.es\\\/wp-content\\\/uploads\\\/2024\\\/10\\\/7-Photoroom-910x1024.png\",\"contentUrl\":\"https:\\\/\\\/conchisamper.es\\\/wp-content\\\/uploads\\\/2024\\\/10\\\/7-Photoroom-910x1024.png\"},{\"@type\":\"BreadcrumbList\",\"@id\":\"https:\\\/\\\/conchisamper.es\\\/conoceme\\\/#breadcrumb\",\"itemListElement\":[{\"@type\":\"ListItem\",\"position\":1,\"name\":\"Portada\",\"item\":\"https:\\\/\\\/conchisamper.es\\\/\"},{\"@type\":\"ListItem\",\"position\":2,\"name\":\"Con\u00f3ceme\"}]},{\"@type\":\"WebSite\",\"@id\":\"https:\\\/\\\/conchisamper.es\\\/#website\",\"url\":\"https:\\\/\\\/conchisamper.es\\\/\",\"name\":\"Conchi Samper\",\"description\":\"\",\"publisher\":{\"@id\":\"https:\\\/\\\/conchisamper.es\\\/#organization\"},\"potentialAction\":[{\"@type\":\"SearchAction\",\"target\":{\"@type\":\"EntryPoint\",\"urlTemplate\":\"https:\\\/\\\/conchisamper.es\\\/?s={search_term_string}\"},\"query-input\":{\"@type\":\"PropertyValueSpecification\",\"valueRequired\":true,\"valueName\":\"search_term_string\"}}],\"inLanguage\":\"en-GB\"},{\"@type\":\"Organization\",\"@id\":\"https:\\\/\\\/conchisamper.es\\\/#organization\",\"name\":\"Conchi Samper\",\"url\":\"https:\\\/\\\/conchisamper.es\\\/\",\"logo\":{\"@type\":\"ImageObject\",\"inLanguage\":\"en-GB\",\"@id\":\"https:\\\/\\\/conchisamper.es\\\/#\\\/schema\\\/logo\\\/image\\\/\",\"url\":\"https:\\\/\\\/conchisamper.es\\\/wp-content\\\/uploads\\\/2024\\\/09\\\/image1.png\",\"contentUrl\":\"https:\\\/\\\/conchisamper.es\\\/wp-content\\\/uploads\\\/2024\\\/09\\\/image1.png\",\"width\":2499,\"height\":1945,\"caption\":\"Conchi Samper\"},\"image\":{\"@id\":\"https:\\\/\\\/conchisamper.es\\\/#\\\/schema\\\/logo\\\/image\\\/\"}}]}<\/script>\n<!-- \/ Yoast SEO plugin. -->","yoast_head_json":{"title":"Get to know me - Conchi Samper","robots":{"index":"index","follow":"follow","max-snippet":"max-snippet:-1","max-image-preview":"max-image-preview:large","max-video-preview":"max-video-preview:-1"},"canonical":"https:\/\/conchisamper.es\/en\/meet-me\/","og_locale":"en_GB","og_type":"article","og_title":"Con\u00f3ceme - Conchi Samper","og_description":"Sobre mi \u00a1Siempre un paso por delante! Al menos eso es lo que dicen mis clientes de m\u00ed. Hola, soy Conchi Samper. Soy experta en marketing digital y consultora especializada en redes sociales. Llevo 10 a\u00f1os trabajando en el mundo del marketing digital y 8 a\u00f1os con mi marca personal y mi agencia de marketing. [&hellip;]","og_url":"https:\/\/conchisamper.es\/en\/meet-me\/","og_site_name":"Conchi Samper","article_modified_time":"2024-10-08T15:01:40+00:00","og_image":[{"url":"https:\/\/conchisamper.es\/wp-content\/uploads\/2024\/10\/7-Photoroom-910x1024.png","type":"","width":"","height":""}],"twitter_card":"summary_large_image","schema":{"@context":"https:\/\/schema.org","@graph":[{"@type":"WebPage","@id":"https:\/\/conchisamper.es\/conoceme\/","url":"https:\/\/conchisamper.es\/conoceme\/","name":"Get to know me - Conchi Samper","isPartOf":{"@id":"https:\/\/conchisamper.es\/#website"},"primaryImageOfPage":{"@id":"https:\/\/conchisamper.es\/conoceme\/#primaryimage"},"image":{"@id":"https:\/\/conchisamper.es\/conoceme\/#primaryimage"},"thumbnailUrl":"https:\/\/conchisamper.es\/wp-content\/uploads\/2024\/10\/7-Photoroom-910x1024.png","datePublished":"2024-09-25T12:20:15+00:00","dateModified":"2024-10-08T15:01:40+00:00","breadcrumb":{"@id":"https:\/\/conchisamper.es\/conoceme\/#breadcrumb"},"inLanguage":"en-GB","potentialAction":[{"@type":"ReadAction","target":["https:\/\/conchisamper.es\/conoceme\/"]}]},{"@type":"ImageObject","inLanguage":"en-GB","@id":"https:\/\/conchisamper.es\/conoceme\/#primaryimage","url":"https:\/\/conchisamper.es\/wp-content\/uploads\/2024\/10\/7-Photoroom-910x1024.png","contentUrl":"https:\/\/conchisamper.es\/wp-content\/uploads\/2024\/10\/7-Photoroom-910x1024.png"},{"@type":"BreadcrumbList","@id":"https:\/\/conchisamper.es\/conoceme\/#breadcrumb","itemListElement":[{"@type":"ListItem","position":1,"name":"Portada","item":"https:\/\/conchisamper.es\/"},{"@type":"ListItem","position":2,"name":"Con\u00f3ceme"}]},{"@type":"WebSite","@id":"https:\/\/conchisamper.es\/#website","url":"https:\/\/conchisamper.es\/","name":"Conchi Samper","description":"","publisher":{"@id":"https:\/\/conchisamper.es\/#organization"},"potentialAction":[{"@type":"SearchAction","target":{"@type":"EntryPoint","urlTemplate":"https:\/\/conchisamper.es\/?s={search_term_string}"},"query-input":{"@type":"PropertyValueSpecification","valueRequired":true,"valueName":"search_term_string"}}],"inLanguage":"en-GB"},{"@type":"Organization","@id":"https:\/\/conchisamper.es\/#organization","name":"Conchi Samper","url":"https:\/\/conchisamper.es\/","logo":{"@type":"ImageObject","inLanguage":"en-GB","@id":"https:\/\/conchisamper.es\/#\/schema\/logo\/image\/","url":"https:\/\/conchisamper.es\/wp-content\/uploads\/2024\/09\/image1.png","contentUrl":"https:\/\/conchisamper.es\/wp-content\/uploads\/2024\/09\/image1.png","width":2499,"height":1945,"caption":"Conchi Samper"},"image":{"@id":"https:\/\/conchisamper.es\/#\/schema\/logo\/image\/"}}]}},"_links":{"self":[{"href":"https:\/\/conchisamper.es\/en\/wp-json\/wp\/v2\/pages\/118","targetHints":{"allow":["GET"]}}],"collection":[{"href":"https:\/\/conchisamper.es\/en\/wp-json\/wp\/v2\/pages"}],"about":[{"href":"https:\/\/conchisamper.es\/en\/wp-json\/wp\/v2\/types\/page"}],"author":[{"embeddable":true,"href":"https:\/\/conchisamper.es\/en\/wp-json\/wp\/v2\/users\/2"}],"replies":[{"embeddable":true,"href":"https:\/\/conchisamper.es\/en\/wp-json\/wp\/v2\/comments?post=118"}],"version-history":[{"count":64,"href":"https:\/\/conchisamper.es\/en\/wp-json\/wp\/v2\/pages\/118\/revisions"}],"predecessor-version":[{"id":626,"href":"https:\/\/conchisamper.es\/en\/wp-json\/wp\/v2\/pages\/118\/revisions\/626"}],"wp:attachment":[{"href":"https:\/\/conchisamper.es\/en\/wp-json\/wp\/v2\/media?parent=118"}],"curies":[{"name":"wp","href":"https:\/\/api.w.org\/{rel}","templated":true}]}}