{"id":121,"date":"2024-09-25T14:20:20","date_gmt":"2024-09-25T12:20:20","guid":{"rendered":"https:\/\/conchisamper.es\/?page_id=121"},"modified":"2024-11-25T18:05:28","modified_gmt":"2024-11-25T17:05:28","slug":"contact","status":"publish","type":"page","link":"https:\/\/conchisamper.es\/en\/contact\/","title":{"rendered":"Contact"},"content":{"rendered":"\t\t<div data-elementor-type=\"wp-page\" data-elementor-id=\"121\" class=\"elementor elementor-121\" data-elementor-post-type=\"page\">\n\t\t\t\t<div class=\"elementor-element elementor-element-ec791fd e-flex e-con-boxed e-con e-parent\" data-id=\"ec791fd\" data-element_type=\"container\" data-e-type=\"container\" data-settings=\"{&quot;background_background&quot;:&quot;classic&quot;}\">\n\t\t\t\t\t<div class=\"e-con-inner\">\n\t\t\t\t<div class=\"elementor-element elementor-element-11b5b37 elementor-widget elementor-widget-heading\" data-id=\"11b5b37\" data-element_type=\"widget\" data-e-type=\"widget\" data-widget_type=\"heading.default\">\n\t\t\t\t<div class=\"elementor-widget-container\">\n\t\t\t\t\t<h6 class=\"elementor-heading-title elementor-size-default\">Conchi Samper I Redes Sociales Almer\u00eda I UGC\n618 86 78 37<\/h6>\t\t\t\t<\/div>\n\t\t\t\t<\/div>\n\t\t\t\t\t<\/div>\n\t\t\t\t<\/div>\n\t\t<div class=\"elementor-element elementor-element-2df1c3a6 e-flex e-con-boxed e-con e-parent\" data-id=\"2df1c3a6\" data-element_type=\"container\" data-e-type=\"container\">\n\t\t\t\t\t<div class=\"e-con-inner\">\n\t\t<div class=\"elementor-element elementor-element-e1dbb1a e-con-full e-flex e-con e-child\" data-id=\"e1dbb1a\" data-element_type=\"container\" data-e-type=\"container\">\n\t\t<div class=\"elementor-element elementor-element-74896c4d e-grid e-con-full e-con e-child\" data-id=\"74896c4d\" data-element_type=\"container\" data-e-type=\"container\">\n\t\t<div class=\"elementor-element elementor-element-d38f1da e-con-full e-flex e-con e-child\" data-id=\"d38f1da\" data-element_type=\"container\" data-e-type=\"container\">\n\t\t\t\t<div class=\"elementor-element elementor-element-ad2187c ekit-equal-height-enable elementor-invisible elementor-widget elementor-widget-elementskit-icon-box\" data-id=\"ad2187c\" data-element_type=\"widget\" data-e-type=\"widget\" data-settings=\"{&quot;_animation&quot;:&quot;fadeInUp&quot;}\" data-widget_type=\"elementskit-icon-box.default\">\n\t\t\t\t<div class=\"elementor-widget-container\">\n\t\t\t\t\t<div class=\"ekit-wid-con\" >        <!-- link opening -->\n                <!-- end link opening -->\n\n        <div class=\"elementskit-infobox text-center text-center icon-top-align elementor-animation-   \">\n                    <div class=\"elementskit-box-header elementor-animation-\">\n                <div class=\"elementskit-info-box-icon  \">\n                    <i aria-hidden=\"true\" class=\"elementkit-infobox-icon icon icon-phone-handset\"><\/i>\n                <\/div>\n          <\/div>\n                        <div class=\"box-body\">\n                            <h5 class=\"elementskit-info-box-title\">\n                    Tel\u00e9fono                <\/h5>\n                        \t\t  \t<p>+34 618 867 837 <br>\n<\/p>\n                                <\/div>\n        \n        \n                <\/div>\n        <\/div>\t\t\t\t<\/div>\n\t\t\t\t<\/div>\n\t\t\t\t<\/div>\n\t\t<div class=\"elementor-element elementor-element-79fc113 e-con-full e-flex e-con e-child\" data-id=\"79fc113\" data-element_type=\"container\" data-e-type=\"container\">\n\t\t\t\t<div class=\"elementor-element elementor-element-eb47edb ekit-equal-height-enable elementor-invisible elementor-widget elementor-widget-elementskit-icon-box\" data-id=\"eb47edb\" data-element_type=\"widget\" data-e-type=\"widget\" data-settings=\"{&quot;_animation&quot;:&quot;fadeInUp&quot;}\" data-widget_type=\"elementskit-icon-box.default\">\n\t\t\t\t<div class=\"elementor-widget-container\">\n\t\t\t\t\t<div class=\"ekit-wid-con\" >        <!-- link opening -->\n                <a href=\"mailto:contacto@conchisamper.es\" class=\"ekit_global_links\">\n                <!-- end link opening -->\n\n        <div class=\"elementskit-infobox text-center text-center icon-top-align elementor-animation-   \">\n                    <div class=\"elementskit-box-header elementor-animation-\">\n                <div class=\"elementskit-info-box-icon  \">\n                    <i aria-hidden=\"true\" class=\"elementkit-infobox-icon icon icon-mail\"><\/i>\n                <\/div>\n          <\/div>\n                        <div class=\"box-body\">\n                            <h5 class=\"elementskit-info-box-title\">\n                    Correo electr\u00f3nico                <\/h5>\n                        \t\t  \t<p>contacto@conchisamper.es<\/p>\n                                <\/div>\n        \n        \n                <\/div>\n                <\/a>\n        <\/div>\t\t\t\t<\/div>\n\t\t\t\t<\/div>\n\t\t\t\t<\/div>\n\t\t\t\t<\/div>\n\t\t<div class=\"elementor-element elementor-element-07728a4 e-con-full e-flex e-con e-child\" data-id=\"07728a4\" data-element_type=\"container\" data-e-type=\"container\">\n\t\t\t\t<div class=\"elementor-element elementor-element-fa8b0ee ekit-equal-height-enable elementor-invisible elementor-widget elementor-widget-elementskit-icon-box\" data-id=\"fa8b0ee\" data-element_type=\"widget\" data-e-type=\"widget\" data-settings=\"{&quot;_animation&quot;:&quot;fadeInUp&quot;}\" data-widget_type=\"elementskit-icon-box.default\">\n\t\t\t\t<div class=\"elementor-widget-container\">\n\t\t\t\t\t<div class=\"ekit-wid-con\" >        <!-- link opening -->\n                <!-- end link opening -->\n\n        <div class=\"elementskit-infobox text-center text-center icon-top-align elementor-animation-   \">\n                    <div class=\"elementskit-box-header elementor-animation-\">\n                <div class=\"elementskit-info-box-icon  \">\n                    <i aria-hidden=\"true\" class=\"elementkit-infobox-icon icon icon-map-marker1\"><\/i>\n                <\/div>\n          <\/div>\n                        <div class=\"box-body\">\n                            <h5 class=\"elementskit-info-box-title\">\n                    Ubicaci\u00f3n                <\/h5>\n                        \t\t  \t<p>Ctra. Almer\u00eda, 04230 Hu\u00e9rcal de Almer\u00eda, Almer\u00eda, Espa\u00f1a<\/p>\n                                        <div class=\"box-footer disable_hover_button\">\n                    <div class=\"btn-wraper\">\n                                                            <a class=\"elementskit-btn whitespace--normal\" href=\"https:\/\/g.co\/kgs\/DPSqJdu\" target=\"_blank\">\n                                        Accede al mapa                                    <\/a>\n                                                        <\/div>\n                <\/div>\n                    <\/div>\n        \n        \n                <\/div>\n        <\/div>\t\t\t\t<\/div>\n\t\t\t\t<\/div>\n\t\t\t\t<\/div>\n\t\t\t\t<\/div>\n\t\t<div class=\"elementor-element elementor-element-97c7b6c e-con-full e-flex e-con e-child\" data-id=\"97c7b6c\" data-element_type=\"container\" data-e-type=\"container\">\n\t\t\t\t<div class=\"elementor-element elementor-element-5d40a66 elementor-button-align-stretch elementor-widget elementor-widget-form\" data-id=\"5d40a66\" data-element_type=\"widget\" data-e-type=\"widget\" data-settings=\"{&quot;step_next_label&quot;:&quot;Siguiente&quot;,&quot;step_previous_label&quot;:&quot;Anterior&quot;,&quot;button_width&quot;:&quot;100&quot;,&quot;step_type&quot;:&quot;number_text&quot;,&quot;step_icon_shape&quot;:&quot;circle&quot;}\" data-widget_type=\"form.default\">\n\t\t\t\t<div class=\"elementor-widget-container\">\n\t\t\t\t\t\t\t<form class=\"elementor-form\" method=\"post\" name=\"CONTACTO\" aria-label=\"CONTACTO\">\n\t\t\t<input type=\"hidden\" name=\"post_id\" value=\"121\"\/>\n\t\t\t<input type=\"hidden\" name=\"form_id\" value=\"5d40a66\"\/>\n\t\t\t<input type=\"hidden\" name=\"referer_title\" value=\"Contacto - Conchi Samper\" \/>\n\n\t\t\t\t\t\t\t<input type=\"hidden\" name=\"queried_id\" value=\"121\"\/>\n\t\t\t\n\t\t\t<div class=\"elementor-form-fields-wrapper elementor-labels-\">\n\t\t\t\t\t\t\t\t<div class=\"elementor-field-type-text elementor-field-group elementor-column elementor-field-group-name elementor-col-50 elementor-field-required\">\n\t\t\t\t\t\t\t\t\t\t\t\t<label for=\"form-field-name\" class=\"elementor-field-label elementor-screen-only\">\n\t\t\t\t\t\t\t\tNombre\t\t\t\t\t\t\t<\/label>\n\t\t\t\t\t\t\t\t\t\t\t\t\t\t<input size=\"1\" type=\"text\" name=\"form_fields[name]\" id=\"form-field-name\" class=\"elementor-field elementor-size-sm  elementor-field-textual\" placeholder=\"Nombre *\" required=\"required\">\n\t\t\t\t\t\t\t\t\t\t\t<\/div>\n\t\t\t\t\t\t\t\t<div class=\"elementor-field-type-tel elementor-field-group elementor-column elementor-field-group-field_bc8ec35 elementor-col-50 elementor-field-required\">\n\t\t\t\t\t\t\t\t\t\t\t\t<label for=\"form-field-field_bc8ec35\" class=\"elementor-field-label elementor-screen-only\">\n\t\t\t\t\t\t\t\tTel\u00e9fono\t\t\t\t\t\t\t<\/label>\n\t\t\t\t\t\t\t\t<input size=\"1\" type=\"tel\" name=\"form_fields[field_bc8ec35]\" id=\"form-field-field_bc8ec35\" class=\"elementor-field elementor-size-sm  elementor-field-textual\" placeholder=\"Tel\u00e9fono *\" required=\"required\" pattern=\"[0-9()#&amp;+*-=.]+\" title=\"Solo se aceptan n\u00fameros y caracteres de tel\u00e9fono (#,-,*,etc).\">\n\n\t\t\t\t\t\t<\/div>\n\t\t\t\t\t\t\t\t<div class=\"elementor-field-type-email elementor-field-group elementor-column elementor-field-group-email elementor-col-100 elementor-field-required\">\n\t\t\t\t\t\t\t\t\t\t\t\t<label for=\"form-field-email\" class=\"elementor-field-label elementor-screen-only\">\n\t\t\t\t\t\t\t\tCorreo electr\u00f3nico\t\t\t\t\t\t\t<\/label>\n\t\t\t\t\t\t\t\t\t\t\t\t\t\t<input size=\"1\" type=\"email\" name=\"form_fields[email]\" id=\"form-field-email\" class=\"elementor-field elementor-size-sm  elementor-field-textual\" placeholder=\"Correo electr\u00f3nico *\" required=\"required\">\n\t\t\t\t\t\t\t\t\t\t\t<\/div>\n\t\t\t\t\t\t\t\t<div class=\"elementor-field-type-textarea elementor-field-group elementor-column elementor-field-group-message elementor-col-100\">\n\t\t\t\t\t\t\t\t\t\t\t\t<label for=\"form-field-message\" class=\"elementor-field-label elementor-screen-only\">\n\t\t\t\t\t\t\t\tMensaje\t\t\t\t\t\t\t<\/label>\n\t\t\t\t\t\t<textarea class=\"elementor-field-textual elementor-field  elementor-size-sm\" name=\"form_fields[message]\" id=\"form-field-message\" rows=\"4\" placeholder=\"Mensaje\"><\/textarea>\t\t\t\t<\/div>\n\t\t\t\t\t\t\t\t<div class=\"elementor-field-type-acceptance elementor-field-group elementor-column elementor-field-group-field_e967822 elementor-col-100 elementor-field-required\">\n\t\t\t\t\t\t\t<div class=\"elementor-field-subgroup\">\n\t\t\t<span class=\"elementor-field-option\">\n\t\t\t\t<input type=\"checkbox\" name=\"form_fields[field_e967822]\" id=\"form-field-field_e967822\" class=\"elementor-field elementor-size-sm  elementor-acceptance-field\" required=\"required\">\n\t\t\t\t<label for=\"form-field-field_e967822\">He le\u00eddo y acepto la <a href=\"\/privacidad\/\" target=\"_blank\">pol\u00edtica de privacidad<\/a>.<\/label>\t\t\t<\/span>\n\t\t<\/div>\n\t\t\t\t\t\t<\/div>\n\t\t\t\t\t\t\t\t<div class=\"elementor-field-type-recaptcha_v3 elementor-field-group elementor-column elementor-field-group-field_ef64357 elementor-col-100 recaptcha_v3-bottomleft\">\n\t\t\t\t\t<div class=\"elementor-field\" id=\"form-field-field_ef64357\"><div class=\"elementor-g-recaptcha\" data-sitekey=\"6LcJV2EqAAAAACI_VwuszmjiQbyEvt1_iJzl6w3-\" data-type=\"v3\" data-action=\"Form\" data-badge=\"bottomleft\" data-size=\"invisible\"><\/div><\/div>\t\t\t\t<\/div>\n\t\t\t\t\t\t\t\t<div class=\"elementor-field-group elementor-column elementor-field-type-submit elementor-col-100 e-form__buttons\">\n\t\t\t\t\t<button class=\"elementor-button elementor-size-sm\" type=\"submit\">\n\t\t\t\t\t\t<span class=\"elementor-button-content-wrapper\">\n\t\t\t\t\t\t\t\t\t\t\t\t\t\t\t\t\t\t\t\t\t\t<span class=\"elementor-button-text\">Enviar<\/span>\n\t\t\t\t\t\t\t\t\t\t\t\t\t<\/span>\n\t\t\t\t\t<\/button>\n\t\t\t\t<\/div>\n\t\t\t<\/div>\n\t\t<\/form>\n\t\t\t\t\t\t<\/div>\n\t\t\t\t<\/div>\n\t\t\t\t<\/div>\n\t\t\t\t\t<\/div>\n\t\t\t\t<\/div>\n\t\t<div class=\"elementor-element elementor-element-871d568 e-con-full e-flex e-con e-parent\" data-id=\"871d568\" data-element_type=\"container\" data-e-type=\"container\">\n\t\t\t\t<div class=\"elementor-element elementor-element-556ed05 elementor-widget elementor-widget-google_maps\" data-id=\"556ed05\" data-element_type=\"widget\" data-e-type=\"widget\" data-widget_type=\"google_maps.default\">\n\t\t\t\t<div class=\"elementor-widget-container\">\n\t\t\t\t\t\t\t<div class=\"elementor-custom-embed\">\n\t\t\t<iframe loading=\"lazy\"\n\t\t\t\t\tsrc=\"https:\/\/maps.google.com\/maps?q=Ctra.%20Almer%C3%ADa%2C%2004230%20Hu%C3%A9rcal%20de%20Almer%C3%ADa%2C%20Almer%C3%ADa%2C%20Espa%C3%B1a&#038;t=m&#038;z=18&#038;output=embed&#038;iwloc=near\"\n\t\t\t\t\ttitle=\"Ctra. Almer\u00eda, 04230 Hu\u00e9rcal de Almer\u00eda, Almer\u00eda, Espa\u00f1a\"\n\t\t\t\t\taria-label=\"Ctra. Almer\u00eda, 04230 Hu\u00e9rcal de Almer\u00eda, Almer\u00eda, Espa\u00f1a\"\n\t\t\t><\/iframe>\n\t\t<\/div>\n\t\t\t\t\t\t<\/div>\n\t\t\t\t<\/div>\n\t\t\t\t<\/div>\n\t\t\t\t<\/div>\n\t\t","protected":false},"excerpt":{"rendered":"<p>Conchi Samper I Social Networks Almer\u00eda I UGC 618 86 78 37 Phone +34 618 867 837 Email contacto@conchisamper.es Location Ctra. Almer\u00eda, 04230 Hu\u00e9rcal de Almer\u00eda, Almer\u00eda, Spain Access the map<\/p>","protected":false},"author":2,"featured_media":0,"parent":0,"menu_order":0,"comment_status":"closed","ping_status":"closed","template":"elementor_header_footer","meta":{"_joinchat":[],"footnotes":""},"class_list":["post-121","page","type-page","status-publish","hentry"],"yoast_head":"<!-- This site is optimized with the Yoast SEO plugin v27.4 - https:\/\/yoast.com\/product\/yoast-seo-wordpress\/ -->\n<title>Contacto - Conchi Samper<\/title>\n<meta name=\"robots\" content=\"index, follow, max-snippet:-1, max-image-preview:large, max-video-preview:-1\" \/>\n<link rel=\"canonical\" href=\"https:\/\/conchisamper.es\/en\/contact\/\" \/>\n<meta property=\"og:locale\" content=\"en_GB\" \/>\n<meta property=\"og:type\" content=\"article\" \/>\n<meta property=\"og:title\" content=\"Contacto - Conchi Samper\" \/>\n<meta property=\"og:description\" content=\"Conchi Samper I Redes Sociales Almer\u00eda I UGC 618 86 78 37 Tel\u00e9fono +34 618 867 837 Correo electr\u00f3nico contacto@conchisamper.es Ubicaci\u00f3n Ctra. Almer\u00eda, 04230 Hu\u00e9rcal de Almer\u00eda, Almer\u00eda, Espa\u00f1a Accede al mapa\" \/>\n<meta property=\"og:url\" content=\"https:\/\/conchisamper.es\/en\/contact\/\" \/>\n<meta property=\"og:site_name\" content=\"Conchi Samper\" \/>\n<meta property=\"article:modified_time\" content=\"2024-11-25T17:05:28+00:00\" \/>\n<meta name=\"twitter:card\" content=\"summary_large_image\" \/>\n<script type=\"application\/ld+json\" class=\"yoast-schema-graph\">{\"@context\":\"https:\\\/\\\/schema.org\",\"@graph\":[{\"@type\":\"WebPage\",\"@id\":\"https:\\\/\\\/conchisamper.es\\\/contacto\\\/\",\"url\":\"https:\\\/\\\/conchisamper.es\\\/contacto\\\/\",\"name\":\"Contacto - Conchi Samper\",\"isPartOf\":{\"@id\":\"https:\\\/\\\/conchisamper.es\\\/#website\"},\"datePublished\":\"2024-09-25T12:20:20+00:00\",\"dateModified\":\"2024-11-25T17:05:28+00:00\",\"breadcrumb\":{\"@id\":\"https:\\\/\\\/conchisamper.es\\\/contacto\\\/#breadcrumb\"},\"inLanguage\":\"en-GB\",\"potentialAction\":[{\"@type\":\"ReadAction\",\"target\":[\"https:\\\/\\\/conchisamper.es\\\/contacto\\\/\"]}]},{\"@type\":\"BreadcrumbList\",\"@id\":\"https:\\\/\\\/conchisamper.es\\\/contacto\\\/#breadcrumb\",\"itemListElement\":[{\"@type\":\"ListItem\",\"position\":1,\"name\":\"Portada\",\"item\":\"https:\\\/\\\/conchisamper.es\\\/\"},{\"@type\":\"ListItem\",\"position\":2,\"name\":\"Contacto\"}]},{\"@type\":\"WebSite\",\"@id\":\"https:\\\/\\\/conchisamper.es\\\/#website\",\"url\":\"https:\\\/\\\/conchisamper.es\\\/\",\"name\":\"Conchi Samper\",\"description\":\"\",\"publisher\":{\"@id\":\"https:\\\/\\\/conchisamper.es\\\/#organization\"},\"potentialAction\":[{\"@type\":\"SearchAction\",\"target\":{\"@type\":\"EntryPoint\",\"urlTemplate\":\"https:\\\/\\\/conchisamper.es\\\/?s={search_term_string}\"},\"query-input\":{\"@type\":\"PropertyValueSpecification\",\"valueRequired\":true,\"valueName\":\"search_term_string\"}}],\"inLanguage\":\"en-GB\"},{\"@type\":\"Organization\",\"@id\":\"https:\\\/\\\/conchisamper.es\\\/#organization\",\"name\":\"Conchi Samper\",\"url\":\"https:\\\/\\\/conchisamper.es\\\/\",\"logo\":{\"@type\":\"ImageObject\",\"inLanguage\":\"en-GB\",\"@id\":\"https:\\\/\\\/conchisamper.es\\\/#\\\/schema\\\/logo\\\/image\\\/\",\"url\":\"https:\\\/\\\/conchisamper.es\\\/wp-content\\\/uploads\\\/2024\\\/09\\\/image1.png\",\"contentUrl\":\"https:\\\/\\\/conchisamper.es\\\/wp-content\\\/uploads\\\/2024\\\/09\\\/image1.png\",\"width\":2499,\"height\":1945,\"caption\":\"Conchi Samper\"},\"image\":{\"@id\":\"https:\\\/\\\/conchisamper.es\\\/#\\\/schema\\\/logo\\\/image\\\/\"}}]}<\/script>\n<!-- \/ Yoast SEO plugin. -->","yoast_head_json":{"title":"Contact - Conchi Samper","robots":{"index":"index","follow":"follow","max-snippet":"max-snippet:-1","max-image-preview":"max-image-preview:large","max-video-preview":"max-video-preview:-1"},"canonical":"https:\/\/conchisamper.es\/en\/contact\/","og_locale":"en_GB","og_type":"article","og_title":"Contacto - Conchi Samper","og_description":"Conchi Samper I Redes Sociales Almer\u00eda I UGC 618 86 78 37 Tel\u00e9fono +34 618 867 837 Correo electr\u00f3nico contacto@conchisamper.es Ubicaci\u00f3n Ctra. Almer\u00eda, 04230 Hu\u00e9rcal de Almer\u00eda, Almer\u00eda, Espa\u00f1a Accede al mapa","og_url":"https:\/\/conchisamper.es\/en\/contact\/","og_site_name":"Conchi Samper","article_modified_time":"2024-11-25T17:05:28+00:00","twitter_card":"summary_large_image","schema":{"@context":"https:\/\/schema.org","@graph":[{"@type":"WebPage","@id":"https:\/\/conchisamper.es\/contacto\/","url":"https:\/\/conchisamper.es\/contacto\/","name":"Contact - Conchi Samper","isPartOf":{"@id":"https:\/\/conchisamper.es\/#website"},"datePublished":"2024-09-25T12:20:20+00:00","dateModified":"2024-11-25T17:05:28+00:00","breadcrumb":{"@id":"https:\/\/conchisamper.es\/contacto\/#breadcrumb"},"inLanguage":"en-GB","potentialAction":[{"@type":"ReadAction","target":["https:\/\/conchisamper.es\/contacto\/"]}]},{"@type":"BreadcrumbList","@id":"https:\/\/conchisamper.es\/contacto\/#breadcrumb","itemListElement":[{"@type":"ListItem","position":1,"name":"Portada","item":"https:\/\/conchisamper.es\/"},{"@type":"ListItem","position":2,"name":"Contacto"}]},{"@type":"WebSite","@id":"https:\/\/conchisamper.es\/#website","url":"https:\/\/conchisamper.es\/","name":"Conchi Samper","description":"","publisher":{"@id":"https:\/\/conchisamper.es\/#organization"},"potentialAction":[{"@type":"SearchAction","target":{"@type":"EntryPoint","urlTemplate":"https:\/\/conchisamper.es\/?s={search_term_string}"},"query-input":{"@type":"PropertyValueSpecification","valueRequired":true,"valueName":"search_term_string"}}],"inLanguage":"en-GB"},{"@type":"Organization","@id":"https:\/\/conchisamper.es\/#organization","name":"Conchi Samper","url":"https:\/\/conchisamper.es\/","logo":{"@type":"ImageObject","inLanguage":"en-GB","@id":"https:\/\/conchisamper.es\/#\/schema\/logo\/image\/","url":"https:\/\/conchisamper.es\/wp-content\/uploads\/2024\/09\/image1.png","contentUrl":"https:\/\/conchisamper.es\/wp-content\/uploads\/2024\/09\/image1.png","width":2499,"height":1945,"caption":"Conchi Samper"},"image":{"@id":"https:\/\/conchisamper.es\/#\/schema\/logo\/image\/"}}]}},"_links":{"self":[{"href":"https:\/\/conchisamper.es\/en\/wp-json\/wp\/v2\/pages\/121","targetHints":{"allow":["GET"]}}],"collection":[{"href":"https:\/\/conchisamper.es\/en\/wp-json\/wp\/v2\/pages"}],"about":[{"href":"https:\/\/conchisamper.es\/en\/wp-json\/wp\/v2\/types\/page"}],"author":[{"embeddable":true,"href":"https:\/\/conchisamper.es\/en\/wp-json\/wp\/v2\/users\/2"}],"replies":[{"embeddable":true,"href":"https:\/\/conchisamper.es\/en\/wp-json\/wp\/v2\/comments?post=121"}],"version-history":[{"count":43,"href":"https:\/\/conchisamper.es\/en\/wp-json\/wp\/v2\/pages\/121\/revisions"}],"predecessor-version":[{"id":777,"href":"https:\/\/conchisamper.es\/en\/wp-json\/wp\/v2\/pages\/121\/revisions\/777"}],"wp:attachment":[{"href":"https:\/\/conchisamper.es\/en\/wp-json\/wp\/v2\/media?parent=121"}],"curies":[{"name":"wp","href":"https:\/\/api.w.org\/{rel}","templated":true}]}}